{"id":4,"date":"2015-09-21T14:27:09","date_gmt":"2015-09-21T14:27:09","guid":{"rendered":"http:\/\/pizzariafratelli.pt\/?page_id=4"},"modified":"2015-09-23T00:33:05","modified_gmt":"2015-09-23T00:33:05","slug":"sobre-nos","status":"publish","type":"page","link":"https:\/\/www.pizzariafratelli.pt\/index.php\/sobre-nos\/","title":{"rendered":"Sobre N\u00f3s"},"content":{"rendered":"<p><strong>Localizada numa das\u00a0art\u00e9rias\u00a0principais da cidade de \u00a0Vila Nova de Famalic\u00e3o a Pizzaria Fratelli iniciou a sua actividade ao p\u00fablico em\u00a0princ\u00edpios\u00a0do\u00a0ano de 2014.<\/strong><\/p>\n<p>Somos uma empresa familiar e primamos pela simpatia no atendimento, pela qualidade dos produtos e pelo \u00a0servi\u00e7o de\u00a0excel\u00eancia\u00a0que prestamos aos clientes.<\/p>\n<p>Todos os produtos utilizados na confec\u00e7\u00e3o das pizzas s\u00e3o 100% italianos, porque s\u00f3 assim podemos assegurar a \u00a0quem nos visita que est\u00e3o perante uma pizza feita segundo as receitas italianas e com o sabor mesmo italiano.<\/p>\n<p>Ap\u00f3s um\u00a0per\u00edodo\u00a0de forma\u00e7\u00e3o em N\u00e1poles a equipa da pizzaria Fratelli decidiu ent\u00e3o dar a conhecer o sabor original das\u00a0pizzas a todos os famalicenses e publico em geral.<\/p>\n<p>Se gosta de pizzas venha at\u00e9 c\u00e1, prometemos que n\u00e3o se vai arrepender.<\/p>\n<p>Aguardamos a sua visita..<\/p>\n","protected":false},"excerpt":{"rendered":"<p>Localizada numa das\u00a0art\u00e9rias\u00a0principais da cidade de \u00a0Vila Nova de Famalic\u00e3o a Pizzaria Fratelli iniciou a sua actividade ao p\u00fablico em\u00a0princ\u00edpios\u00a0do\u00a0ano de 2014. Somos uma empresa familiar e primamos pela simpatia no atendimento, pela qualidade dos produtos e pelo \u00a0servi\u00e7o de\u00a0excel\u00eancia\u00a0que prestamos aos clientes. Todos os produtos utilizados na confec\u00e7\u00e3o das&#8230;<\/p>\n","protected":false},"author":1,"featured_media":17,"parent":0,"menu_order":0,"comment_status":"closed","ping_status":"closed","template":"template-fullwidth.php","meta":{"footnotes":""},"class_list":["post-4","page","type-page","status-publish","has-post-thumbnail","hentry"],"_links":{"self":[{"href":"https:\/\/www.pizzariafratelli.pt\/index.php\/wp-json\/wp\/v2\/pages\/4","targetHints":{"allow":["GET"]}}],"collection":[{"href":"https:\/\/www.pizzariafratelli.pt\/index.php\/wp-json\/wp\/v2\/pages"}],"about":[{"href":"https:\/\/www.pizzariafratelli.pt\/index.php\/wp-json\/wp\/v2\/types\/page"}],"author":[{"embeddable":true,"href":"https:\/\/www.pizzariafratelli.pt\/index.php\/wp-json\/wp\/v2\/users\/1"}],"replies":[{"embeddable":true,"href":"https:\/\/www.pizzariafratelli.pt\/index.php\/wp-json\/wp\/v2\/comments?post=4"}],"version-history":[{"count":3,"href":"https:\/\/www.pizzariafratelli.pt\/index.php\/wp-json\/wp\/v2\/pages\/4\/revisions"}],"predecessor-version":[{"id":69,"href":"https:\/\/www.pizzariafratelli.pt\/index.php\/wp-json\/wp\/v2\/pages\/4\/revisions\/69"}],"wp:featuredmedia":[{"embeddable":true,"href":"https:\/\/www.pizzariafratelli.pt\/index.php\/wp-json\/wp\/v2\/media\/17"}],"wp:attachment":[{"href":"https:\/\/www.pizzariafratelli.pt\/index.php\/wp-json\/wp\/v2\/media?parent=4"}],"curies":[{"name":"wp","href":"https:\/\/api.w.org\/{rel}","templated":true}]}}